{"id":2,"date":"2024-08-19T04:10:43","date_gmt":"2024-08-19T04:10:43","guid":{"rendered":"https:\/\/web.massivoequiposvideoytv.com\/?page_id=2"},"modified":"2025-07-27T22:44:47","modified_gmt":"2025-07-28T01:44:47","slug":"sample-page","status":"publish","type":"page","link":"https:\/\/web.massivoequiposvideoytv.com\/?page_id=2","title":{"rendered":"Vlog"},"content":{"rendered":"\n<p>En esta secci\u00f3n encontrar\u00e1s videos con <strong>novedades, demostraciones, an\u00e1lisis y comparativas<\/strong> de equipos para <strong>televisi\u00f3n, cine, video profesional, radiodifusi\u00f3n<\/strong> y m\u00e1s. Compartimos contenido \u00fatil y actualizado para ayudarte a tomar decisiones informadas antes de invertir en tecnolog\u00eda audiovisual.<br>Explora experiencias reales de uso, lanzamientos de productos, tutoriales t\u00e9cnicos y recomendaciones seg\u00fan tu nivel de producci\u00f3n!<\/p>\n\n\n\n<div class=\"wp-block-query is-layout-flow wp-block-query-is-layout-flow\"><ul class=\"wp-block-post-template is-layout-flow wp-block-post-template-is-layout-flow\"><li class=\"post-166 post type-post status-publish format-standard hentry category-uncategorized\">\n<h2 class=\"wp-block-post-title\"><a href=\"https:\/\/web.massivoequiposvideoytv.com\/?p=166\" target=\"_self\" >Micr\u00f3fono para ReporteroUHF para C\u00e1mara<\/a><\/h2>\n\n\n\n<div class=\"wp-block-post-excerpt\"><p class=\"wp-block-post-excerpt__excerpt\">Calidad de sonido y construcci\u00f3n a bajo costo. Un reportero es cuya principal actividad consiste en recolectar y presentar informaciones sobre un determinado evento o acontecimiento de cierta actualidad, lo <\/p><\/div>\n\n\n<hr class=\"wp-block-separator has-css-opacity\"\/>\n\n\n<div class=\"wp-block-post-date\"><time datetime=\"2025-07-27T22:48:30-03:00\">Julio 27, 2025<\/time><\/div>\n<\/li><li class=\"post-164 post type-post status-publish format-standard hentry category-uncategorized\">\n<h2 class=\"wp-block-post-title\"><a href=\"https:\/\/web.massivoequiposvideoytv.com\/?p=164\" target=\"_self\" >Extensor Inal\u00e1mbrico de video HDMI 50m<\/a><\/h2>\n\n\n\n<div class=\"wp-block-post-excerpt\"><p class=\"wp-block-post-excerpt__excerpt\">No m\u00e1s cables HDMI, menos trabajo, mayor alcance Transmite inal\u00e1mbricamente la se\u00f1al HDMI de una fuente o dispositivo de video, a un dispositivo de visualizaci\u00f3n, hasta 50 metros de distancia <\/p><\/div>\n\n\n<hr class=\"wp-block-separator has-css-opacity\"\/>\n\n\n<div class=\"wp-block-post-date\"><time datetime=\"2025-07-27T22:47:23-03:00\">Julio 27, 2025<\/time><\/div>\n<\/li><li class=\"post-157 post type-post status-publish format-standard hentry category-uncategorized\">\n<h2 class=\"wp-block-post-title\"><a href=\"https:\/\/web.massivoequiposvideoytv.com\/?p=157\" target=\"_self\" >Nueva Generaci\u00f3n Transmisor de Video LiveStreaming 4G<\/a><\/h2>\n\n\n\n<div class=\"wp-block-post-excerpt\"><p class=\"wp-block-post-excerpt__excerpt\">Mejor que otros de mayor precio, y con la misma o mejor calidad de video. Una herramienta necesaria para el reportero profesional o amateur, para registrar en tiempo real las <\/p><\/div>\n\n\n<hr class=\"wp-block-separator has-css-opacity\"\/>\n\n\n<div class=\"wp-block-post-date\"><time datetime=\"2025-07-27T22:36:49-03:00\">Julio 27, 2025<\/time><\/div>\n<\/li><li class=\"post-155 post type-post status-publish format-standard hentry category-uncategorized\">\n<h2 class=\"wp-block-post-title\"><a href=\"https:\/\/web.massivoequiposvideoytv.com\/?p=155\" target=\"_self\" >Evento Astoreca 2016<\/a><\/h2>\n\n\n\n<div class=\"wp-block-post-excerpt\"><p class=\"wp-block-post-excerpt__excerpt\">Nuestro amigo y cliente Kano Flores, utilizando su equipo switch de video VJDirector 2 Rack, en uno de sus eventos para su cliente Astoreca. <\/p><\/div>\n\n\n<hr class=\"wp-block-separator has-css-opacity\"\/>\n\n\n<div class=\"wp-block-post-date\"><time datetime=\"2025-07-27T22:35:26-03:00\">Julio 27, 2025<\/time><\/div>\n<\/li><li class=\"post-153 post type-post status-publish format-standard hentry category-uncategorized\">\n<h2 class=\"wp-block-post-title\"><a href=\"https:\/\/web.massivoequiposvideoytv.com\/?p=153\" target=\"_self\" >C\u00e1mara Full HD SDI para SCCTV Profesional<\/a><\/h2>\n\n\n\n<div class=\"wp-block-post-excerpt\"><p class=\"wp-block-post-excerpt__excerpt\">Con una calidad de imagen Full HD que sorprende por su bajo precio. Una c\u00e1mara muy minimalista, muy simple , pero con una infinidad de funciones parametrizables que la ubican <\/p><\/div>\n\n\n<hr class=\"wp-block-separator has-css-opacity\"\/>\n\n\n<div class=\"wp-block-post-date\"><time datetime=\"2025-07-27T22:34:40-03:00\">Julio 27, 2025<\/time><\/div>\n<\/li><li class=\"post-151 post type-post status-publish format-standard hentry category-uncategorized\">\n<h2 class=\"wp-block-post-title\"><a href=\"https:\/\/web.massivoequiposvideoytv.com\/?p=151\" target=\"_self\" >PRESENTANDO CAMARA 4K YOUTUBER VLOGGING 2<\/a><\/h2>\n\n\n\n<div class=\"wp-block-post-excerpt\"><p class=\"wp-block-post-excerpt__excerpt\">C\u00e1mara de fabricaci\u00f3n econ\u00f3mica, pero con apariencia profesional Te presentamos esta espectacular c\u00e1mara d video 4K, 2K, Full HD y HD con caracter\u00edsticas semiprofesionales que te permitir\u00e1n realizar tus producciones <\/p><\/div>\n\n\n<hr class=\"wp-block-separator has-css-opacity\"\/>\n\n\n<div class=\"wp-block-post-date\"><time datetime=\"2025-07-27T22:33:49-03:00\">Julio 27, 2025<\/time><\/div>\n<\/li><\/ul><\/div>\n","protected":false},"excerpt":{"rendered":"<p>En esta secci\u00f3n encontrar\u00e1s videos con novedades, demostraciones, an\u00e1lisis y comparativas de equipos para televisi\u00f3n, cine, video profesional, radiodifusi\u00f3n y m\u00e1s. Compartimos contenido \u00fatil y actualizado para ayudarte a tomar<\/p>\n","protected":false},"author":1,"featured_media":0,"parent":0,"menu_order":0,"comment_status":"closed","ping_status":"open","template":"","meta":{"footnotes":""},"class_list":{"1":"page","2":"type-page","3":"status-publish","4":"hentry"},"_links":{"self":[{"href":"https:\/\/web.massivoequiposvideoytv.com\/index.php?rest_route=\/wp\/v2\/pages\/2","targetHints":{"allow":["GET"]}}],"collection":[{"href":"https:\/\/web.massivoequiposvideoytv.com\/index.php?rest_route=\/wp\/v2\/pages"}],"about":[{"href":"https:\/\/web.massivoequiposvideoytv.com\/index.php?rest_route=\/wp\/v2\/types\/page"}],"author":[{"embeddable":true,"href":"https:\/\/web.massivoequiposvideoytv.com\/index.php?rest_route=\/wp\/v2\/users\/1"}],"replies":[{"embeddable":true,"href":"https:\/\/web.massivoequiposvideoytv.com\/index.php?rest_route=%2Fwp%2Fv2%2Fcomments&post=2"}],"version-history":[{"count":6,"href":"https:\/\/web.massivoequiposvideoytv.com\/index.php?rest_route=\/wp\/v2\/pages\/2\/revisions"}],"predecessor-version":[{"id":163,"href":"https:\/\/web.massivoequiposvideoytv.com\/index.php?rest_route=\/wp\/v2\/pages\/2\/revisions\/163"}],"wp:attachment":[{"href":"https:\/\/web.massivoequiposvideoytv.com\/index.php?rest_route=%2Fwp%2Fv2%2Fmedia&parent=2"}],"curies":[{"name":"wp","href":"https:\/\/api.w.org\/{rel}","templated":true}]}}