{"id":110,"date":"2025-07-27T10:31:52","date_gmt":"2025-07-27T10:31:52","guid":{"rendered":"https:\/\/web.massivoequiposvideoytv.com\/?post_type=product&#038;p=110"},"modified":"2025-07-27T10:31:52","modified_gmt":"2025-07-27T10:31:52","slug":"camara-ptz-pro-20x-sdi-hdmi-usb-lan","status":"publish","type":"product","link":"https:\/\/web.massivoequiposvideoytv.com\/?product=camara-ptz-pro-20x-sdi-hdmi-usb-lan","title":{"rendered":"C\u00e1mara PTZ PRO 20x SDI\/HDMI\/USB\/LAN"},"content":{"rendered":"<p>La serie WALL-3 es una c\u00e1mara rebotica Con movimientos PTZ econ\u00f3mica con un dise\u00f1o de estructura exterior totalmente met\u00e1lico, apariencia exquisita, tama\u00f1o mini compacto; con tecnolog\u00eda avanzada de procesamiento de im\u00e1genes de video y soporte para el nivel de transmisi\u00f3n de video 59.94\/29.97 y otros formatos de salida de video, sensor CMOS Exmor Full HD de nueva generaci\u00f3n de SONY, la resoluci\u00f3n m\u00e1xima de hasta 1080P60FPS; Calidad de imagen de 2,38 megap\u00edxeles con m\u00e1s claridad y m\u00e1s real; Compatible con USB 3.0\/3G-SDI\/HDMI\/IP (RTSP\/RTMP\/RTMPS) transmite 4 canales de salida de v\u00eddeo simult\u00e1nea. Super decodificaci\u00f3n H.264 \/ H.265 con transmisi\u00f3n de bajo ancho de banda; Interfaz de audio integrada de 3,5 mm, adecuada para sonido de alta frecuencia y transmisi\u00f3n y grabaci\u00f3n AV en tiempo real. Es un dispositivo esencial en transmisi\u00f3n y transmisi\u00f3n EN VIVO, conferencias, educaci\u00f3n, telemedicina, proyectos de soluci\u00f3n PROAV.<\/p>\n","protected":false},"excerpt":{"rendered":"<p>La serie WALL-3 es una c\u00e1mara rebotica Con movimientos PTZ econ\u00f3mica con un dise\u00f1o de estructura exterior totalmente met\u00e1lico, apariencia exquisita, tama\u00f1o mini compacto; con tecnolog\u00eda avanzada de procesamiento de<\/p>\n","protected":false},"featured_media":111,"comment_status":"open","ping_status":"closed","template":"","meta":[],"product_brand":[],"product_cat":[16],"product_tag":[28,25,31,24],"class_list":{"0":"post-110","1":"product","2":"type-product","3":"status-publish","6":"product_cat-camara","7":"product_tag-camara-ptz","8":"product_tag-podcast","9":"product_tag-video-conferencia","10":"product_tag-vodcast","12":"first","13":"instock","14":"shipping-taxable","15":"purchasable","16":"product-type-simple"},"_links":{"self":[{"href":"https:\/\/web.massivoequiposvideoytv.com\/index.php?rest_route=\/wp\/v2\/product\/110","targetHints":{"allow":["GET"]}}],"collection":[{"href":"https:\/\/web.massivoequiposvideoytv.com\/index.php?rest_route=\/wp\/v2\/product"}],"about":[{"href":"https:\/\/web.massivoequiposvideoytv.com\/index.php?rest_route=\/wp\/v2\/types\/product"}],"replies":[{"embeddable":true,"href":"https:\/\/web.massivoequiposvideoytv.com\/index.php?rest_route=%2Fwp%2Fv2%2Fcomments&post=110"}],"wp:featuredmedia":[{"embeddable":true,"href":"https:\/\/web.massivoequiposvideoytv.com\/index.php?rest_route=\/wp\/v2\/media\/111"}],"wp:attachment":[{"href":"https:\/\/web.massivoequiposvideoytv.com\/index.php?rest_route=%2Fwp%2Fv2%2Fmedia&parent=110"}],"wp:term":[{"taxonomy":"product_brand","embeddable":true,"href":"https:\/\/web.massivoequiposvideoytv.com\/index.php?rest_route=%2Fwp%2Fv2%2Fproduct_brand&post=110"},{"taxonomy":"product_cat","embeddable":true,"href":"https:\/\/web.massivoequiposvideoytv.com\/index.php?rest_route=%2Fwp%2Fv2%2Fproduct_cat&post=110"},{"taxonomy":"product_tag","embeddable":true,"href":"https:\/\/web.massivoequiposvideoytv.com\/index.php?rest_route=%2Fwp%2Fv2%2Fproduct_tag&post=110"}],"curies":[{"name":"wp","href":"https:\/\/api.w.org\/{rel}","templated":true}]}}