{"id":115,"date":"2025-07-27T10:44:17","date_gmt":"2025-07-27T10:44:17","guid":{"rendered":"https:\/\/web.massivoequiposvideoytv.com\/?post_type=product&#038;p=115"},"modified":"2025-11-14T13:51:53","modified_gmt":"2025-11-14T16:51:53","slug":"panel-de-control-ptz-pro-2","status":"publish","type":"product","link":"https:\/\/web.massivoequiposvideoytv.com\/?product=panel-de-control-ptz-pro-2","title":{"rendered":"Panel de Control PTZ Pro Mini"},"content":{"rendered":"<p>Es un controlador compacto y compacto para aplicaciones de transmisi\u00f3n. Su dise\u00f1o distribuido con joystick de 2 ejes y teclas de zoom mejora la controlabilidad, la hace m\u00e1s resistente y estable. Su dise\u00f1o de botones con retroiluminaci\u00f3n de silicona facilita su uso. Incorpora los protocolos de control m\u00faltiple VISCA, UDP y PELCO P\/D, y es compatible con RS422\/RS485\/RS232\/IP(UDP) y otras interfaces para comunicaci\u00f3n simult\u00e1nea. Se utiliza principalmente en videoconferencias, sistemas audiovisuales profesionales, estudios, soluciones de transmisi\u00f3n, audiovisuales educativos, telemedicina y sistemas de transmisi\u00f3n en vivo de eventos y deportes.<\/p>\n","protected":false},"excerpt":{"rendered":"<p>Es un controlador compacto y compacto para aplicaciones de transmisi\u00f3n. Su dise\u00f1o distribuido con joystick de 2 ejes y teclas de zoom mejora la controlabilidad, la hace m\u00e1s resistente y<\/p>\n","protected":false},"featured_media":116,"comment_status":"open","ping_status":"closed","template":"","meta":[],"product_brand":[],"product_cat":[16],"product_tag":[28,25,31,24],"class_list":{"0":"post-115","1":"product","2":"type-product","3":"status-publish","6":"product_cat-camara","7":"product_tag-camara-ptz","8":"product_tag-podcast","9":"product_tag-video-conferencia","10":"product_tag-vodcast","12":"first","13":"instock","14":"shipping-taxable","15":"purchasable","16":"product-type-simple"},"_links":{"self":[{"href":"https:\/\/web.massivoequiposvideoytv.com\/index.php?rest_route=\/wp\/v2\/product\/115","targetHints":{"allow":["GET"]}}],"collection":[{"href":"https:\/\/web.massivoequiposvideoytv.com\/index.php?rest_route=\/wp\/v2\/product"}],"about":[{"href":"https:\/\/web.massivoequiposvideoytv.com\/index.php?rest_route=\/wp\/v2\/types\/product"}],"replies":[{"embeddable":true,"href":"https:\/\/web.massivoequiposvideoytv.com\/index.php?rest_route=%2Fwp%2Fv2%2Fcomments&post=115"}],"wp:featuredmedia":[{"embeddable":true,"href":"https:\/\/web.massivoequiposvideoytv.com\/index.php?rest_route=\/wp\/v2\/media\/116"}],"wp:attachment":[{"href":"https:\/\/web.massivoequiposvideoytv.com\/index.php?rest_route=%2Fwp%2Fv2%2Fmedia&parent=115"}],"wp:term":[{"taxonomy":"product_brand","embeddable":true,"href":"https:\/\/web.massivoequiposvideoytv.com\/index.php?rest_route=%2Fwp%2Fv2%2Fproduct_brand&post=115"},{"taxonomy":"product_cat","embeddable":true,"href":"https:\/\/web.massivoequiposvideoytv.com\/index.php?rest_route=%2Fwp%2Fv2%2Fproduct_cat&post=115"},{"taxonomy":"product_tag","embeddable":true,"href":"https:\/\/web.massivoequiposvideoytv.com\/index.php?rest_route=%2Fwp%2Fv2%2Fproduct_tag&post=115"}],"curies":[{"name":"wp","href":"https:\/\/api.w.org\/{rel}","templated":true}]}}