{"id":181,"date":"2025-07-27T23:42:06","date_gmt":"2025-07-28T02:42:06","guid":{"rendered":"https:\/\/web.massivoequiposvideoytv.com\/?post_type=product&#038;p=181"},"modified":"2025-07-27T23:42:11","modified_gmt":"2025-07-28T02:42:11","slug":"vjdirector-2-ultimate-portable","status":"publish","type":"product","link":"https:\/\/web.massivoequiposvideoytv.com\/?product=vjdirector-2-ultimate-portable","title":{"rendered":"VJDirector 2 Ultimate Portable"},"content":{"rendered":"<p>8 Entradas SDI o HDMI<br \/>\nTotal de 10 Fuentes de Video Simult\u00e1neo.<br \/>\nSalidas control, master, GC<br \/>\nM\u00faltiples efectos de transici\u00f3n y efectos Picture in Picture.<br \/>\nGenerador de GC profesional.<br \/>\n4 Gr\u00e1ficas de logos simultaneas.<br \/>\nChromakey en vivo<br \/>\nLicencia Live+ Conection<br \/>\nGrabaci\u00f3n en formato MP4,MPG, AVI<br \/>\nMultistream, (youtube, facebook, otros)<br \/>\nGraba y emite cada c\u00e1mara individual.<br \/>\nMonitor HD de 17 pulgadas<\/p>\n","protected":false},"excerpt":{"rendered":"<p>8 Entradas SDI o HDMI Total de 10 Fuentes de Video Simult\u00e1neo. Salidas control, master, GC M\u00faltiples efectos de transici\u00f3n y efectos Picture in Picture. Generador de GC profesional. 4<\/p>\n","protected":false},"featured_media":182,"comment_status":"open","ping_status":"closed","template":"","meta":[],"product_brand":[],"product_cat":[17],"product_tag":[34,23,31],"class_list":{"0":"post-181","1":"product","2":"type-product","3":"status-publish","6":"product_cat-switchtv","7":"product_tag-broadcast","8":"product_tag-switch-de-video","9":"product_tag-video-conferencia","11":"first","12":"instock","13":"shipping-taxable","14":"purchasable","15":"product-type-simple"},"_links":{"self":[{"href":"https:\/\/web.massivoequiposvideoytv.com\/index.php?rest_route=\/wp\/v2\/product\/181","targetHints":{"allow":["GET"]}}],"collection":[{"href":"https:\/\/web.massivoequiposvideoytv.com\/index.php?rest_route=\/wp\/v2\/product"}],"about":[{"href":"https:\/\/web.massivoequiposvideoytv.com\/index.php?rest_route=\/wp\/v2\/types\/product"}],"replies":[{"embeddable":true,"href":"https:\/\/web.massivoequiposvideoytv.com\/index.php?rest_route=%2Fwp%2Fv2%2Fcomments&post=181"}],"wp:featuredmedia":[{"embeddable":true,"href":"https:\/\/web.massivoequiposvideoytv.com\/index.php?rest_route=\/wp\/v2\/media\/182"}],"wp:attachment":[{"href":"https:\/\/web.massivoequiposvideoytv.com\/index.php?rest_route=%2Fwp%2Fv2%2Fmedia&parent=181"}],"wp:term":[{"taxonomy":"product_brand","embeddable":true,"href":"https:\/\/web.massivoequiposvideoytv.com\/index.php?rest_route=%2Fwp%2Fv2%2Fproduct_brand&post=181"},{"taxonomy":"product_cat","embeddable":true,"href":"https:\/\/web.massivoequiposvideoytv.com\/index.php?rest_route=%2Fwp%2Fv2%2Fproduct_cat&post=181"},{"taxonomy":"product_tag","embeddable":true,"href":"https:\/\/web.massivoequiposvideoytv.com\/index.php?rest_route=%2Fwp%2Fv2%2Fproduct_tag&post=181"}],"curies":[{"name":"wp","href":"https:\/\/api.w.org\/{rel}","templated":true}]}}