{"id":183,"date":"2025-07-27T23:44:25","date_gmt":"2025-07-28T02:44:25","guid":{"rendered":"https:\/\/web.massivoequiposvideoytv.com\/?post_type=product&#038;p=183"},"modified":"2026-05-06T04:52:44","modified_gmt":"2026-05-06T07:52:44","slug":"camara-videoconferencia-iconnect","status":"publish","type":"product","link":"https:\/\/web.massivoequiposvideoytv.com\/?product=camara-videoconferencia-iconnect","title":{"rendered":"C\u00e1mara Videoconferencia iConnect"},"content":{"rendered":"<p>Proyectos de soluciones de Educaci\u00f3n, Telemedicina, PROAV micr\u00f3fono incorporado 360\u00b0 omnidireccional, con un radio de omnidireccional de 12 pies. Con full-duplex, cancelaci\u00f3n de eco, supresi\u00f3n din\u00e1mica de ruido autom\u00e1tico, obtener control y otras tecnolog\u00edas de procesamiento de voz. Admite la funci\u00f3n USB, conecta la computadora y sistema de videoconferencia para realizar full-duplex, Compatible con todas las plataformas de videoconferencia.<\/p>\n","protected":false},"excerpt":{"rendered":"<p>Proyectos de soluciones de Educaci\u00f3n, Telemedicina, PROAV micr\u00f3fono incorporado 360\u00b0 omnidireccional, con un radio de omnidireccional de 12 pies. Con full-duplex, cancelaci\u00f3n de eco, supresi\u00f3n din\u00e1mica de ruido autom\u00e1tico, obtener<\/p>\n","protected":false},"featured_media":184,"comment_status":"open","ping_status":"closed","template":"","meta":[],"product_brand":[],"product_cat":[16],"product_tag":[31],"class_list":{"0":"post-183","1":"product","2":"type-product","3":"status-publish","6":"product_cat-camara","7":"product_tag-video-conferencia","9":"first","10":"instock","11":"shipping-taxable","12":"purchasable","13":"product-type-simple"},"_links":{"self":[{"href":"https:\/\/web.massivoequiposvideoytv.com\/index.php?rest_route=\/wp\/v2\/product\/183","targetHints":{"allow":["GET"]}}],"collection":[{"href":"https:\/\/web.massivoequiposvideoytv.com\/index.php?rest_route=\/wp\/v2\/product"}],"about":[{"href":"https:\/\/web.massivoequiposvideoytv.com\/index.php?rest_route=\/wp\/v2\/types\/product"}],"replies":[{"embeddable":true,"href":"https:\/\/web.massivoequiposvideoytv.com\/index.php?rest_route=%2Fwp%2Fv2%2Fcomments&post=183"}],"wp:featuredmedia":[{"embeddable":true,"href":"https:\/\/web.massivoequiposvideoytv.com\/index.php?rest_route=\/wp\/v2\/media\/184"}],"wp:attachment":[{"href":"https:\/\/web.massivoequiposvideoytv.com\/index.php?rest_route=%2Fwp%2Fv2%2Fmedia&parent=183"}],"wp:term":[{"taxonomy":"product_brand","embeddable":true,"href":"https:\/\/web.massivoequiposvideoytv.com\/index.php?rest_route=%2Fwp%2Fv2%2Fproduct_brand&post=183"},{"taxonomy":"product_cat","embeddable":true,"href":"https:\/\/web.massivoequiposvideoytv.com\/index.php?rest_route=%2Fwp%2Fv2%2Fproduct_cat&post=183"},{"taxonomy":"product_tag","embeddable":true,"href":"https:\/\/web.massivoequiposvideoytv.com\/index.php?rest_route=%2Fwp%2Fv2%2Fproduct_tag&post=183"}],"curies":[{"name":"wp","href":"https:\/\/api.w.org\/{rel}","templated":true}]}}