{"id":191,"date":"2025-07-28T00:03:29","date_gmt":"2025-07-28T03:03:29","guid":{"rendered":"https:\/\/web.massivoequiposvideoytv.com\/?post_type=product&#038;p=191"},"modified":"2025-07-28T00:03:34","modified_gmt":"2025-07-28T03:03:34","slug":"server-ip-decoder-hdmi-sdi-hevc-h-264","status":"publish","type":"product","link":"https:\/\/web.massivoequiposvideoytv.com\/?product=server-ip-decoder-hdmi-sdi-hevc-h-264","title":{"rendered":"SERVER IP DECODER HDMI\/SDI\/HEVC\/H.264"},"content":{"rendered":"<p>Con el aumento significativo de televisores que llegan al mercado de cabecera, los proveedores de contenido y las emisoras de televisi\u00f3n buscan una soluci\u00f3n de v\u00eddeo de bajo coste para abordar las necesidades de recopilar canales H264, H265, MPEG2, AVS+ de las redes IPTV. El decodificador iDEC es la<br \/>\nrespuesta. El receptor modular avanzado tiene la capacidad de proporcionar el conjunto de caracter\u00edsticas m\u00e1s avanzado de HEVC, 1080p, lo que permite a las emisoras lograr la m\u00e1xima calidad de v\u00eddeo posible.<br \/>\nDecodificaci\u00f3n de alta definici\u00f3n Main, Main 10 en todos los formatos de compresi\u00f3n est\u00e1ndar de la industria combinados con ASI y TS\/IP<br \/>\nen conjunto. La unidad ingiere a trav\u00e9s de DVB-ASI o GigE y la salida es<br \/>\na trav\u00e9s de puertos SDI, HDMI2.0, AV. Esta configuraci\u00f3n eficiente y flexible mejora los casos de uso y la eficacia general<br \/>\ndel producto.<\/p>\n","protected":false},"excerpt":{"rendered":"<p>Con el aumento significativo de televisores que llegan al mercado de cabecera, los proveedores de contenido y las emisoras de televisi\u00f3n buscan una soluci\u00f3n de v\u00eddeo de bajo coste para<\/p>\n","protected":false},"featured_media":192,"comment_status":"open","ping_status":"closed","template":"","meta":[],"product_brand":[],"product_cat":[19,40],"product_tag":[34,36,41,42,33],"class_list":{"0":"post-191","1":"product","2":"type-product","3":"status-publish","6":"product_cat-encoder-decoder","7":"product_cat-servidor-de-streaming","8":"product_tag-broadcast","9":"product_tag-iptv","10":"product_tag-servidor-iptv","11":"product_tag-stream-server","12":"product_tag-streaming","14":"first","15":"instock","16":"shipping-taxable","17":"purchasable","18":"product-type-simple"},"_links":{"self":[{"href":"https:\/\/web.massivoequiposvideoytv.com\/index.php?rest_route=\/wp\/v2\/product\/191","targetHints":{"allow":["GET"]}}],"collection":[{"href":"https:\/\/web.massivoequiposvideoytv.com\/index.php?rest_route=\/wp\/v2\/product"}],"about":[{"href":"https:\/\/web.massivoequiposvideoytv.com\/index.php?rest_route=\/wp\/v2\/types\/product"}],"replies":[{"embeddable":true,"href":"https:\/\/web.massivoequiposvideoytv.com\/index.php?rest_route=%2Fwp%2Fv2%2Fcomments&post=191"}],"wp:featuredmedia":[{"embeddable":true,"href":"https:\/\/web.massivoequiposvideoytv.com\/index.php?rest_route=\/wp\/v2\/media\/192"}],"wp:attachment":[{"href":"https:\/\/web.massivoequiposvideoytv.com\/index.php?rest_route=%2Fwp%2Fv2%2Fmedia&parent=191"}],"wp:term":[{"taxonomy":"product_brand","embeddable":true,"href":"https:\/\/web.massivoequiposvideoytv.com\/index.php?rest_route=%2Fwp%2Fv2%2Fproduct_brand&post=191"},{"taxonomy":"product_cat","embeddable":true,"href":"https:\/\/web.massivoequiposvideoytv.com\/index.php?rest_route=%2Fwp%2Fv2%2Fproduct_cat&post=191"},{"taxonomy":"product_tag","embeddable":true,"href":"https:\/\/web.massivoequiposvideoytv.com\/index.php?rest_route=%2Fwp%2Fv2%2Fproduct_tag&post=191"}],"curies":[{"name":"wp","href":"https:\/\/api.w.org\/{rel}","templated":true}]}}