{"id":196,"date":"2025-07-28T00:33:59","date_gmt":"2025-07-28T03:33:59","guid":{"rendered":"https:\/\/web.massivoequiposvideoytv.com\/?post_type=product&#038;p=196"},"modified":"2025-07-28T07:04:31","modified_gmt":"2025-07-28T10:04:31","slug":"telepromter-presidencial","status":"publish","type":"product","link":"https:\/\/web.massivoequiposvideoytv.com\/?product=telepromter-presidencial","title":{"rendered":"Telepromter Presidencial"},"content":{"rendered":"<div>\n<p class=\"text-muted mt-3\">Pantalla retroiluminada por LED liviana y de larga duraci\u00f3n ofrece una imagen brillante para un uso \u00f3ptimo en cualquier tipo de presentaci\u00f3n o conferencia ante tu audiencia.<br \/>\nVeamos con m\u00e1s detalle a continuaci\u00f3n toda la informaci\u00f3n acerca de este telepromter presidencial o de podium junto con la mejor oferta que puedas encontrar al final del art\u00edculo.<\/p>\n<p>Caracter\u00edsticas:<\/p>\n<p>&#8211; Configuraci\u00f3n r\u00e1pida y f\u00e1cil.<br \/>\n&#8211; Hardware robusto a medida para mejorar su estabilidad.<br \/>\n&#8211; F\u00e1cilmente legible a m\u00e1s de 1,5 metroS.<br \/>\n&#8211; Software FREE Telekast para Mac y PC incluido.<br \/>\n&#8211; Entradas para PC: VGA.<br \/>\n&#8211; Monitores 19&#8243; Led High Bright disponibles para uso externo.<\/p>\n<p>Incluye:<\/p>\n<p>2 Cristales altamente reflectivos. c\/soporte de \u00e1ngulo ajustable para montar en atril.<br \/>\n2 Atriles o tr\u00edpodes de telepromter.<br \/>\n1 Splitter VGA de 1&#215;4 200mhz<br \/>\n1 Cable VGA 5 metros<br \/>\n2 Cables VGA 3 metros<br \/>\n2 Monitores Led de 19&#8243; alto brillo y contraste.<\/p>\n<\/div>\n","protected":false},"excerpt":{"rendered":"<p>Pantalla retroiluminada por LED liviana y de larga duraci\u00f3n ofrece una imagen brillante para un uso \u00f3ptimo en cualquier tipo de presentaci\u00f3n o conferencia ante tu audiencia. Veamos con m\u00e1s<\/p>\n","protected":false},"featured_media":197,"comment_status":"open","ping_status":"closed","template":"","meta":[],"product_brand":[],"product_cat":[43],"product_tag":[50,48,49,52,53,51,44],"class_list":{"0":"post-196","1":"product","2":"type-product","3":"status-publish","6":"product_cat-teleprompter","7":"product_tag-discurso","8":"product_tag-evento","9":"product_tag-expositor","10":"product_tag-gerente","11":"product_tag-lider-de-opinion","12":"product_tag-presidente","13":"product_tag-teleprompter","15":"first","16":"instock","17":"shipping-taxable","18":"purchasable","19":"product-type-simple"},"_links":{"self":[{"href":"https:\/\/web.massivoequiposvideoytv.com\/index.php?rest_route=\/wp\/v2\/product\/196","targetHints":{"allow":["GET"]}}],"collection":[{"href":"https:\/\/web.massivoequiposvideoytv.com\/index.php?rest_route=\/wp\/v2\/product"}],"about":[{"href":"https:\/\/web.massivoequiposvideoytv.com\/index.php?rest_route=\/wp\/v2\/types\/product"}],"replies":[{"embeddable":true,"href":"https:\/\/web.massivoequiposvideoytv.com\/index.php?rest_route=%2Fwp%2Fv2%2Fcomments&post=196"}],"wp:featuredmedia":[{"embeddable":true,"href":"https:\/\/web.massivoequiposvideoytv.com\/index.php?rest_route=\/wp\/v2\/media\/197"}],"wp:attachment":[{"href":"https:\/\/web.massivoequiposvideoytv.com\/index.php?rest_route=%2Fwp%2Fv2%2Fmedia&parent=196"}],"wp:term":[{"taxonomy":"product_brand","embeddable":true,"href":"https:\/\/web.massivoequiposvideoytv.com\/index.php?rest_route=%2Fwp%2Fv2%2Fproduct_brand&post=196"},{"taxonomy":"product_cat","embeddable":true,"href":"https:\/\/web.massivoequiposvideoytv.com\/index.php?rest_route=%2Fwp%2Fv2%2Fproduct_cat&post=196"},{"taxonomy":"product_tag","embeddable":true,"href":"https:\/\/web.massivoequiposvideoytv.com\/index.php?rest_route=%2Fwp%2Fv2%2Fproduct_tag&post=196"}],"curies":[{"name":"wp","href":"https:\/\/api.w.org\/{rel}","templated":true}]}}