{"id":215,"date":"2025-07-28T06:54:39","date_gmt":"2025-07-28T09:54:39","guid":{"rendered":"https:\/\/web.massivoequiposvideoytv.com\/?post_type=product&#038;p=215"},"modified":"2025-07-28T06:56:17","modified_gmt":"2025-07-28T09:56:17","slug":"ecokit-nscaster-x1-camaras-wall3-ptz-pro-10x","status":"publish","type":"product","link":"https:\/\/web.massivoequiposvideoytv.com\/?product=ecokit-nscaster-x1-camaras-wall3-ptz-pro-10x","title":{"rendered":"EcoKit NSCaster X1 + C\u00e1maras Wall3 PTZ pro 10x"},"content":{"rendered":"<p>Kit Profesional Multic\u00e1mara PTZ + Switch NSCaster X1 \u2013 Producci\u00f3n Total al Instante.<\/p>\n<p data-start=\"231\" data-end=\"599\">Este completo <strong data-start=\"245\" data-end=\"278\">kit de producci\u00f3n multic\u00e1mara<\/strong> est\u00e1 dise\u00f1ado para realizadores, t\u00e9cnicos y creadores que desean una soluci\u00f3n integral, potente y lista para usar. Compuesto por <strong data-start=\"408\" data-end=\"439\">3 c\u00e1maras PTZ profesionales<\/strong> con <strong data-start=\"444\" data-end=\"463\">zoom \u00f3ptico 10x<\/strong>, <strong data-start=\"465\" data-end=\"500\">sensor Sony de alto rendimiento<\/strong> y cuerpo de <strong data-start=\"513\" data-end=\"536\">aluminio resistente<\/strong>, ofrece una imagen clara, din\u00e1mica y profesional en cada toma.<\/p>\n<p data-start=\"601\" data-end=\"832\">Las c\u00e1maras cuentan con conexiones <strong data-start=\"636\" data-end=\"660\">SDI, HDMI, LAN y USB<\/strong>, y son totalmente compatibles con los protocolos <strong data-start=\"710\" data-end=\"719\">VISCA<\/strong>, <strong data-start=\"721\" data-end=\"732\">Pelco-D<\/strong> y <strong data-start=\"735\" data-end=\"746\">Pelco-P<\/strong>, lo que asegura un control y compatibilidad con los principales sistemas del mercado.<\/p>\n<p data-start=\"834\" data-end=\"1020\">Este kit es ideal para la producci\u00f3n de <strong data-start=\"874\" data-end=\"1020\">podcasts, vodcasts, conciertos en vivo, celebraciones religiosas, seminarios, webinars, transmisiones educativas, institucionales y mucho m\u00e1s.<\/strong><\/p>\n<p data-start=\"1022\" data-end=\"1315\">Y lo mejor: viene con el poderoso <strong data-start=\"1056\" data-end=\"1071\">NSCaster X1<\/strong>, un switcher de TV <strong data-start=\"1091\" data-end=\"1106\">todo en uno<\/strong>, que integra mezcla de se\u00f1ales, grabaci\u00f3n, streaming, efectos y mucho m\u00e1s en una sola consola compacta y t\u00e1ctil. Olv\u00eddate de m\u00faltiples equipos y configuraciones complicadas: controla todo desde un solo lugar.<\/p>\n<h4 data-start=\"1317\" data-end=\"1341\"><strong data-start=\"1322\" data-end=\"1341\">El kit incluye:<\/strong><\/h4>\n<ul>\n<li data-start=\"1343\" data-end=\"1420\">\n<p data-start=\"1345\" data-end=\"1420\">\ud83c\udfa5 <strong data-start=\"1348\" data-end=\"1383\">3 c\u00e1maras PTZ profesionales 10x<\/strong>, con sensor Sony y cuerpo met\u00e1lico<\/p>\n<\/li>\n<li data-start=\"1421\" data-end=\"1509\">\n<p data-start=\"1423\" data-end=\"1509\">\ud83c\udfac <strong data-start=\"1426\" data-end=\"1448\">Switch NSCaster X1<\/strong>, para control, mezcla, transmisi\u00f3n y grabaci\u00f3n multic\u00e1mara<\/p>\n<\/li>\n<li data-start=\"1510\" data-end=\"1599\">\n<p data-start=\"1512\" data-end=\"1599\">\ud83c\udf10 <strong data-start=\"1515\" data-end=\"1555\">Router PoE Gigabit de 6 puertos RJ45<\/strong>, para conexi\u00f3n y alimentaci\u00f3n inteligente<\/p>\n<\/li>\n<li data-start=\"1600\" data-end=\"1660\">\n<p data-start=\"1602\" data-end=\"1660\">\u26d3\ufe0f <strong data-start=\"1605\" data-end=\"1630\">3 tr\u00edpodes reforzados<\/strong> de hasta 2 metros de altura<\/p>\n<\/li>\n<li data-start=\"1661\" data-end=\"1706\">\n<p data-start=\"1663\" data-end=\"1706\">\ud83d\udd0c <strong data-start=\"1666\" data-end=\"1704\">3 cables de red Cat6e de 30 metros<\/strong><\/p>\n<\/li>\n<li data-start=\"1707\" data-end=\"1741\">\n<p data-start=\"1709\" data-end=\"1741\">\ud83d\udce1 <strong data-start=\"1712\" data-end=\"1741\">3 cables SDI de 30 metros<\/strong><\/p>\n<\/li>\n<\/ul>\n<h3 data-start=\"1748\" data-end=\"1778\"><\/h3>\n<h3 data-start=\"1748\" data-end=\"1778\"><strong data-start=\"1752\" data-end=\"1778\">Haz Realidad tu Visi\u00f3n<\/strong><\/h3>\n<p data-start=\"1780\" data-end=\"1986\">Este kit es la <strong data-start=\"1795\" data-end=\"1860\">respuesta directa a tus necesidades de producci\u00f3n profesional<\/strong>. Todo lo que necesitas para grabar, transmitir y controlar tu contenido en vivo est\u00e1 aqu\u00ed. Sin complicaciones. Sin l\u00edmites.<\/p>\n<p data-start=\"1988\" data-end=\"2059\">Conecta, enciende\u2026 y crea.<br data-start=\"2014\" data-end=\"2017\" \/><strong data-start=\"2017\" data-end=\"2059\">El futuro de tu contenido empieza hoy.<\/strong><\/p>\n","protected":false},"excerpt":{"rendered":"<p>Kit Profesional Multic\u00e1mara PTZ + Switch NSCaster X1 \u2013 Producci\u00f3n Total al Instante. Este completo kit de producci\u00f3n multic\u00e1mara est\u00e1 dise\u00f1ado para realizadores, t\u00e9cnicos y creadores que desean una soluci\u00f3n<\/p>\n","protected":false},"featured_media":216,"comment_status":"open","ping_status":"closed","template":"","meta":[],"product_brand":[],"product_cat":[18],"product_tag":[34,28,48,22,25,33,23],"class_list":{"0":"post-215","1":"product","2":"type-product","3":"status-publish","6":"product_cat-full-kit-produccion","7":"product_tag-broadcast","8":"product_tag-camara-ptz","9":"product_tag-evento","10":"product_tag-nscaster-x1","11":"product_tag-podcast","12":"product_tag-streaming","13":"product_tag-switch-de-video","15":"first","16":"instock","17":"shipping-taxable","18":"purchasable","19":"product-type-simple"},"_links":{"self":[{"href":"https:\/\/web.massivoequiposvideoytv.com\/index.php?rest_route=\/wp\/v2\/product\/215","targetHints":{"allow":["GET"]}}],"collection":[{"href":"https:\/\/web.massivoequiposvideoytv.com\/index.php?rest_route=\/wp\/v2\/product"}],"about":[{"href":"https:\/\/web.massivoequiposvideoytv.com\/index.php?rest_route=\/wp\/v2\/types\/product"}],"replies":[{"embeddable":true,"href":"https:\/\/web.massivoequiposvideoytv.com\/index.php?rest_route=%2Fwp%2Fv2%2Fcomments&post=215"}],"wp:featuredmedia":[{"embeddable":true,"href":"https:\/\/web.massivoequiposvideoytv.com\/index.php?rest_route=\/wp\/v2\/media\/216"}],"wp:attachment":[{"href":"https:\/\/web.massivoequiposvideoytv.com\/index.php?rest_route=%2Fwp%2Fv2%2Fmedia&parent=215"}],"wp:term":[{"taxonomy":"product_brand","embeddable":true,"href":"https:\/\/web.massivoequiposvideoytv.com\/index.php?rest_route=%2Fwp%2Fv2%2Fproduct_brand&post=215"},{"taxonomy":"product_cat","embeddable":true,"href":"https:\/\/web.massivoequiposvideoytv.com\/index.php?rest_route=%2Fwp%2Fv2%2Fproduct_cat&post=215"},{"taxonomy":"product_tag","embeddable":true,"href":"https:\/\/web.massivoequiposvideoytv.com\/index.php?rest_route=%2Fwp%2Fv2%2Fproduct_tag&post=215"}],"curies":[{"name":"wp","href":"https:\/\/api.w.org\/{rel}","templated":true}]}}