{"id":246,"date":"2025-09-01T16:14:15","date_gmt":"2025-09-01T19:14:15","guid":{"rendered":"https:\/\/web.massivoequiposvideoytv.com\/?post_type=product&#038;p=246"},"modified":"2025-09-01T16:17:25","modified_gmt":"2025-09-01T19:17:25","slug":"transmisor-optico-1550nm-catv-10db-rf-a-fibra","status":"publish","type":"product","link":"https:\/\/web.massivoequiposvideoytv.com\/?product=transmisor-optico-1550nm-catv-10db-rf-a-fibra","title":{"rendered":"Transmisor \u00f3ptico 1550nm CATV 10db RF a fibra"},"content":{"rendered":"<p>Dise\u00f1ado para redes FTTH (Fibra Hasta El Hogar)<br \/>\nExcelente linealidad y planitud<br \/>\nFibra monomodo alta p\u00e9rdida de retorno Ruido extremadamente bajo<br \/>\nTecnolog\u00eda de ruido ultra bajo<br \/>\nTama\u00f1o m\u00e1s peque\u00f1o y DESCRIPCI\u00d3N m\u00e1s f\u00e1cil<br \/>\nEl YT1010AGC-BO-1550 tiene dos conectores SC\/APC. Funciona con voltaje de alimentaci\u00f3n DC12V.Impedancia de entrada de RF de 75\u03a9.Pantalla LCD. Ajuste OMI.<br \/>\nEl YT1010AGC-BO-1550 tiene dos conectores SC\/APC. Funciona con voltaje de alimentaci\u00f3n DC12V.Impedancia de entrada de RF de 75\u03a9.Pantalla LCD. Ajuste OMI.<\/p>\n<p><strong>Env\u00edo o despacho de 10 a 20 d\u00edas h\u00e1biles.<\/strong><\/p>\n","protected":false},"excerpt":{"rendered":"<p>Dise\u00f1ado para redes FTTH (Fibra Hasta El Hogar) Excelente linealidad y planitud Fibra monomodo alta p\u00e9rdida de retorno Ruido extremadamente bajo Tecnolog\u00eda de ruido ultra bajo Tama\u00f1o m\u00e1s peque\u00f1o y<\/p>\n","protected":false},"featured_media":247,"comment_status":"open","ping_status":"closed","template":"","meta":[],"product_brand":[],"product_cat":[21],"product_tag":[],"class_list":{"0":"post-246","1":"product","2":"type-product","3":"status-publish","6":"product_cat-conectividad-y-enlace","8":"first","9":"instock","10":"shipping-taxable","11":"purchasable","12":"product-type-simple"},"_links":{"self":[{"href":"https:\/\/web.massivoequiposvideoytv.com\/index.php?rest_route=\/wp\/v2\/product\/246","targetHints":{"allow":["GET"]}}],"collection":[{"href":"https:\/\/web.massivoequiposvideoytv.com\/index.php?rest_route=\/wp\/v2\/product"}],"about":[{"href":"https:\/\/web.massivoequiposvideoytv.com\/index.php?rest_route=\/wp\/v2\/types\/product"}],"replies":[{"embeddable":true,"href":"https:\/\/web.massivoequiposvideoytv.com\/index.php?rest_route=%2Fwp%2Fv2%2Fcomments&post=246"}],"wp:featuredmedia":[{"embeddable":true,"href":"https:\/\/web.massivoequiposvideoytv.com\/index.php?rest_route=\/wp\/v2\/media\/247"}],"wp:attachment":[{"href":"https:\/\/web.massivoequiposvideoytv.com\/index.php?rest_route=%2Fwp%2Fv2%2Fmedia&parent=246"}],"wp:term":[{"taxonomy":"product_brand","embeddable":true,"href":"https:\/\/web.massivoequiposvideoytv.com\/index.php?rest_route=%2Fwp%2Fv2%2Fproduct_brand&post=246"},{"taxonomy":"product_cat","embeddable":true,"href":"https:\/\/web.massivoequiposvideoytv.com\/index.php?rest_route=%2Fwp%2Fv2%2Fproduct_cat&post=246"},{"taxonomy":"product_tag","embeddable":true,"href":"https:\/\/web.massivoequiposvideoytv.com\/index.php?rest_route=%2Fwp%2Fv2%2Fproduct_tag&post=246"}],"curies":[{"name":"wp","href":"https:\/\/api.w.org\/{rel}","templated":true}]}}