{"id":252,"date":"2025-09-01T16:45:15","date_gmt":"2025-09-01T19:45:15","guid":{"rendered":"https:\/\/web.massivoequiposvideoytv.com\/?post_type=product&#038;p=252"},"modified":"2026-03-31T17:00:15","modified_gmt":"2026-03-31T20:00:15","slug":"ordro-camara-de-bolsillo-de-accion-m5-vlog","status":"publish","type":"product","link":"https:\/\/web.massivoequiposvideoytv.com\/?product=ordro-camara-de-bolsillo-de-accion-m5-vlog","title":{"rendered":"Ordro c\u00e1mara de bolsillo de acci\u00f3n M5 Vlog"},"content":{"rendered":"<p>Ordro-c\u00e1mara de bolsillo de acci\u00f3n M5 Vlog, videoc\u00e1mara de v\u00eddeo Digital antivibraci\u00f3n de 3 ejes 5K, pantalla de 3,5 &#8220;, seguimiento facial, visi\u00f3n nocturna IR.<\/p>\n<p><iframe loading=\"lazy\" title=\"ORDRO M5 \u2013 La c\u00e1mara compacta que necesitas para tus videos en 2025 (\u00a1Calidad + Precio!)\" width=\"540\" height=\"960\" src=\"https:\/\/www.youtube.com\/embed\/jkJxmEOMGJk?feature=oembed\" frameborder=\"0\" allow=\"accelerometer; autoplay; clipboard-write; encrypted-media; gyroscope; picture-in-picture; web-share\" referrerpolicy=\"strict-origin-when-cross-origin\" allowfullscreen><\/iframe><\/p>\n<p>Cualquier persona aficionada a grabar v\u00eddeos siempre quiere mejorar sus grabaciones, bien sea mejorando la calidad de su c\u00e1mara, aprendiendo mejores formas de grabar o logrando mayor estabilidad en los planos obtenidos. Hace tan solo unos a\u00f1os, intentar emular un plano de una pel\u00edcula era tan impensable como inalcanzable. Hoy en d\u00eda la tecnolog\u00eda ha avanzado tanto que podemos conseguir resultados espectaculares realizados de forma casera.<\/p>\n<p>Tama\u00f1o: 56 \u00d7 45 \u00d7 157 mm<br \/>\nPeso: 219 g<br \/>\nSensor de imagen: Sony CMOS de 8 MP<br \/>\nLente: Apertura f\/N: 2.2 f=3 mm<br \/>\n\u00c1ngulo de disparo: 120\u00b0<br \/>\nRango de enfoque: 30 cm &#8211; infinito<\/p>\n<p>V\u00eddeo: Formato: MP4, resoluci\u00f3n: 5k a 30 fps\/ 4k a 60 fps\/ 2.7k a 60 fps\/ 2.7k a 30 fps\/ 1080p a 120 fps\/ 1080p a 60 fps\/ 1080p a 30 fps\/ 702p a 120 fps\/ 720p a 60 fps\/ 720p a 30 fps<\/p>\n<p>Foto: Formato: JPEG, p\u00edxeles: 48 Mb\/ 36 Mb\/ 30 Mb\/ 20 Mb\/ 14 Mb\/ 10 m\/8 m\/5 m\/3 m\/2 m<\/p>\n<p>Pantalla: Pantalla t\u00e1ctil IPS de 3,5 pulgadas<br \/>\nInterfaz de entrada\/salida: USB tipo C, HDMI Mini D, entrada de micr\u00f3fono de 3,5 mm<br \/>\nMando a distancia: RF de 2,4 GHz<\/p>\n<p>Antivibraci\u00f3n de 3 ejes: Seguimiento de panor\u00e1mica, Seguimiento de inclinaci\u00f3n, Bloqueo total, Seguimiento facial, Seguimiento total, Velocidad PTZ<\/p>\n<p>Idiomas compatibles: Chino, ingl\u00e9s Ruso, italiano, franc\u00e9s, japon\u00e9s, coreano, alem\u00e1n, espa\u00f1ol, portugu\u00e9s, polaco, vietnamita<\/p>\n<p>Contenido del paquete:<\/p>\n<p>1 videoc\u00e1mara M5<br \/>\n1 cable de carga USB tipo C<br \/>\n1 bolsa de transporte<br \/>\n1 manual de usuario<\/p>\n<p>&nbsp;<\/p>\n<p><strong>Tiempo de env\u00edo o despacho 10 a 15 d\u00edas h\u00e1biles<\/strong><\/p>\n","protected":false},"excerpt":{"rendered":"<p>Ordro M5, posiblemente la mejor c\u00e1mara en relaci\u00f3n calidad-precio del mercado.<\/p>\n","protected":false},"featured_media":253,"comment_status":"open","ping_status":"closed","template":"","meta":[],"product_brand":[97],"product_cat":[98],"product_tag":[],"class_list":{"0":"post-252","1":"product","2":"type-product","3":"status-publish","6":"product_brand-ordro","7":"product_cat-camara-pocket","9":"first","10":"instock","11":"shipping-taxable","12":"product-type-external"},"_links":{"self":[{"href":"https:\/\/web.massivoequiposvideoytv.com\/index.php?rest_route=\/wp\/v2\/product\/252","targetHints":{"allow":["GET"]}}],"collection":[{"href":"https:\/\/web.massivoequiposvideoytv.com\/index.php?rest_route=\/wp\/v2\/product"}],"about":[{"href":"https:\/\/web.massivoequiposvideoytv.com\/index.php?rest_route=\/wp\/v2\/types\/product"}],"replies":[{"embeddable":true,"href":"https:\/\/web.massivoequiposvideoytv.com\/index.php?rest_route=%2Fwp%2Fv2%2Fcomments&post=252"}],"wp:featuredmedia":[{"embeddable":true,"href":"https:\/\/web.massivoequiposvideoytv.com\/index.php?rest_route=\/wp\/v2\/media\/253"}],"wp:attachment":[{"href":"https:\/\/web.massivoequiposvideoytv.com\/index.php?rest_route=%2Fwp%2Fv2%2Fmedia&parent=252"}],"wp:term":[{"taxonomy":"product_brand","embeddable":true,"href":"https:\/\/web.massivoequiposvideoytv.com\/index.php?rest_route=%2Fwp%2Fv2%2Fproduct_brand&post=252"},{"taxonomy":"product_cat","embeddable":true,"href":"https:\/\/web.massivoequiposvideoytv.com\/index.php?rest_route=%2Fwp%2Fv2%2Fproduct_cat&post=252"},{"taxonomy":"product_tag","embeddable":true,"href":"https:\/\/web.massivoequiposvideoytv.com\/index.php?rest_route=%2Fwp%2Fv2%2Fproduct_tag&post=252"}],"curies":[{"name":"wp","href":"https:\/\/api.w.org\/{rel}","templated":true}]}}