{"id":272,"date":"2025-11-14T14:08:26","date_gmt":"2025-11-14T17:08:26","guid":{"rendered":"https:\/\/web.massivoequiposvideoytv.com\/?post_type=product&#038;p=272"},"modified":"2025-11-14T14:19:23","modified_gmt":"2025-11-14T17:19:23","slug":"camara-ptz-4k-fullhd-zowieui","status":"publish","type":"product","link":"https:\/\/web.massivoequiposvideoytv.com\/?product=camara-ptz-4k-fullhd-zowieui","title":{"rendered":"C\u00e1mara PTZ 4K 18X &#8211; Zowie HDMI\/USB\/LAN"},"content":{"rendered":"<p>C\u00e1mara PTZ POE | C\u00e1mara 4K HDMI | Resoluci\u00f3n 4K UHD: Captura cada detalle con la resoluci\u00f3n 4K UHD, asegurando im\u00e1genes n\u00edtidas y v\u00edvidas para transmisi\u00f3n en vivo de nivel profesional.<br \/>\nZowieUI garantiza una transmisi\u00f3n en vivo independiente desde PC.<br \/>\nZoom \u00f3ptico 18X: logre una claridad de primer plano con zoom \u00f3ptico, perfecto para tomar m\u00e1s detalles sin sacrificar la calidad de la imagen.<br \/>\nStreaming Multiplataforma: transmite directamente a Facebook, Twitch y YouTube desde una PC, y admite varios protocolos de hasta 50 Mbit\/seg.<br \/>\nMedici\u00f3n de distancia TOF (12X): enfoque mejorado con el m\u00f3dulo TOF, midiendo con precisi\u00f3n la distancia para tomas claras en condiciones de luz brillante y baja.<\/p>\n<p>Las c\u00e1maras ZowiePTZ son totalmente compatibles con el software ZowieX, lo que mejora su experiencia de administraci\u00f3n de videos. Con ZowieX, los usuarios pueden conectar y administrar f\u00e1cilmente productos de la serie ZowieUI, como ZowieBox, c\u00e1maras POV y c\u00e1maras PTZ. El software ZowieX act\u00faa como una plataforma de control centralizada, lo que permite a los usuarios operar todos los dispositivos a trav\u00e9s de una \u00fanica interfaz, simplificando los procesos de producci\u00f3n de video y gesti\u00f3n de contenido. Ofrece funciones como gesti\u00f3n de grupo, control de c\u00e1mara, ajuste de escena y actualizaciones por lotes. Ya sea para transmisi\u00f3n en vivo, grabaci\u00f3n o grabaci\u00f3n en m\u00faltiples \u00e1ngulos, la integraci\u00f3n de ZowieX con dispositivos Zgihetek brinda gran flexibilidad y conveniencia, lo que ayuda a los usuarios a mejorar la eficiencia y la calidad del contenido de video.<\/p>\n","protected":false},"excerpt":{"rendered":"<p>Zoom \u00f3ptico 25X\/18X\/12X, 4K SDI HDMI NDI | C\u00e1mara PTZ NDI HX3, RTSP\/RTMP(s)\/SRT, PoE, transmisi\u00f3n en vivo, podcast, TV, Eventos, iglesia, conferencias y m\u00e1s<\/p>\n","protected":false},"featured_media":276,"comment_status":"open","ping_status":"closed","template":"","meta":[],"product_brand":[74],"product_cat":[16],"product_tag":[29,28,32,38,36,33,23,31],"class_list":{"0":"post-272","1":"product","2":"type-product","3":"status-publish","6":"product_brand-zowie","7":"product_cat-camara","8":"product_tag-camara-4k","9":"product_tag-camara-ptz","10":"product_tag-control-ptz","11":"product_tag-h265","12":"product_tag-iptv","13":"product_tag-streaming","14":"product_tag-switch-de-video","15":"product_tag-video-conferencia","17":"first","18":"instock","19":"shipping-taxable","20":"purchasable","21":"product-type-simple"},"_links":{"self":[{"href":"https:\/\/web.massivoequiposvideoytv.com\/index.php?rest_route=\/wp\/v2\/product\/272","targetHints":{"allow":["GET"]}}],"collection":[{"href":"https:\/\/web.massivoequiposvideoytv.com\/index.php?rest_route=\/wp\/v2\/product"}],"about":[{"href":"https:\/\/web.massivoequiposvideoytv.com\/index.php?rest_route=\/wp\/v2\/types\/product"}],"replies":[{"embeddable":true,"href":"https:\/\/web.massivoequiposvideoytv.com\/index.php?rest_route=%2Fwp%2Fv2%2Fcomments&post=272"}],"wp:featuredmedia":[{"embeddable":true,"href":"https:\/\/web.massivoequiposvideoytv.com\/index.php?rest_route=\/wp\/v2\/media\/276"}],"wp:attachment":[{"href":"https:\/\/web.massivoequiposvideoytv.com\/index.php?rest_route=%2Fwp%2Fv2%2Fmedia&parent=272"}],"wp:term":[{"taxonomy":"product_brand","embeddable":true,"href":"https:\/\/web.massivoequiposvideoytv.com\/index.php?rest_route=%2Fwp%2Fv2%2Fproduct_brand&post=272"},{"taxonomy":"product_cat","embeddable":true,"href":"https:\/\/web.massivoequiposvideoytv.com\/index.php?rest_route=%2Fwp%2Fv2%2Fproduct_cat&post=272"},{"taxonomy":"product_tag","embeddable":true,"href":"https:\/\/web.massivoequiposvideoytv.com\/index.php?rest_route=%2Fwp%2Fv2%2Fproduct_tag&post=272"}],"curies":[{"name":"wp","href":"https:\/\/api.w.org\/{rel}","templated":true}]}}