{"id":306,"date":"2026-03-31T03:32:51","date_gmt":"2026-03-31T06:32:51","guid":{"rendered":"https:\/\/web.massivoequiposvideoytv.com\/?post_type=product&#038;p=306"},"modified":"2026-04-08T14:17:14","modified_gmt":"2026-04-08T17:17:14","slug":"anillo-adaptador-de-lente-kf-concept-fd-ef","status":"publish","type":"product","link":"https:\/\/web.massivoequiposvideoytv.com\/?product=anillo-adaptador-de-lente-kf-concept-fd-ef","title":{"rendered":"Anillo adaptador de lente K&#038;F CONCEPT FD-EF"},"content":{"rendered":"<div class=\"detailmodule_text\">\n<p class=\"detail-desc-decorate-content\"><span id=\"tl_2\">Este anillo adaptador le permite usar la lente Canon FD en el cuerpo de la c\u00e1mara Canon EOS como 5D Mark 5D2 5D3 6D 7D 70D 1100D 1000D 700D 600D 550D 500D 450D 350D 100D 50D 40D 30D 30D 10D Rebel T3 XS T5i T2i T1i Xsi Xti XT SL1 C300 C500<br \/>\nCiertas lentes principales simplemente no se pueden reemplazar, por lo que puede ahorrar el costo de compra en lentes nuevas con este anillo adaptador.<br \/>\nNo hay contactos el\u00e9ctricos en el anillo adaptador.La exposici\u00f3n y el enfoque deben ajustarse manualmente; El enfoque autom\u00e1tico (AF) no est\u00e1 disponible.No centrarse al infinito, solo para disparos macro.<br \/>\nCon dise\u00f1o preciso y alta tecnolog\u00eda. Fabricado en lat\u00f3n y aluminio (no pl\u00e1stico); Superficie lisa para un montaje sin esfuerzo; Construcci\u00f3n de aluminio anodizado. Instale, retire y opere la lente sin problemas.<\/span><\/p>\n<\/div>\n<div class=\"detailmodule_text\">\n<p class=\"detail-desc-decorate-title\"><span id=\"tl_3\">NOTA<\/span><\/p>\n<p class=\"detail-desc-decorate-content\"><span id=\"tl_4\">Si su c\u00e1mara indica que &#8220;la lente no est\u00e1 instalada correctamente&#8221;, modifique la configuraci\u00f3n del men\u00fa de la c\u00e1mara.Generalmente llamado &#8220;desligar el obturador, la lente no est\u00e1 instalada&#8221;, puede modificar la configuraci\u00f3n para permitirla.Consulte espec\u00edficamente el manual de la c\u00e1mara.<\/span><\/p>\n<\/div>\n<div class=\"detailmodule_text-image\">\n<p class=\"detail-desc-decorate-title\"><span id=\"tl_5\">Adecuado para<\/span><\/p>\n<p class=\"detail-desc-decorate-content\"><span id=\"tl_6\">Lente: para Canon FD<br \/>\nC\u00e1mara: para cuerpo de c\u00e1mara Canon EF EOS<\/span><\/p>\n<\/div>\n","protected":false},"excerpt":{"rendered":"<p><strong>VALOR INCLUYE ENV\u00cdO en <\/strong><strong>MONEDA<\/strong>: D\u00f3lar EE.UU.<\/p>\n<p><strong>DESPACHO<\/strong>: de 10 a 15 d\u00edas h\u00e1biles.<\/p>\n<p>Anillo adaptador de lente K&amp;F CONCEPT FD-EF para lentes Canon FD FL a c\u00e1maras Canon EF EOS 10D 40D 80D con tapa de vidrio, enfoque a infinito<\/p>\n","protected":false},"featured_media":307,"comment_status":"open","ping_status":"closed","template":"","meta":[],"product_brand":[87],"product_cat":[83],"product_tag":[],"class_list":{"0":"post-306","1":"product","2":"type-product","3":"status-publish","6":"product_brand-kf-concept","7":"product_cat-accesorioscamaras","8":"product_shipping_class-envio-internacional","10":"first","11":"instock","12":"shipping-taxable","13":"purchasable","14":"product-type-simple"},"_links":{"self":[{"href":"https:\/\/web.massivoequiposvideoytv.com\/index.php?rest_route=\/wp\/v2\/product\/306","targetHints":{"allow":["GET"]}}],"collection":[{"href":"https:\/\/web.massivoequiposvideoytv.com\/index.php?rest_route=\/wp\/v2\/product"}],"about":[{"href":"https:\/\/web.massivoequiposvideoytv.com\/index.php?rest_route=\/wp\/v2\/types\/product"}],"replies":[{"embeddable":true,"href":"https:\/\/web.massivoequiposvideoytv.com\/index.php?rest_route=%2Fwp%2Fv2%2Fcomments&post=306"}],"wp:featuredmedia":[{"embeddable":true,"href":"https:\/\/web.massivoequiposvideoytv.com\/index.php?rest_route=\/wp\/v2\/media\/307"}],"wp:attachment":[{"href":"https:\/\/web.massivoequiposvideoytv.com\/index.php?rest_route=%2Fwp%2Fv2%2Fmedia&parent=306"}],"wp:term":[{"taxonomy":"product_brand","embeddable":true,"href":"https:\/\/web.massivoequiposvideoytv.com\/index.php?rest_route=%2Fwp%2Fv2%2Fproduct_brand&post=306"},{"taxonomy":"product_cat","embeddable":true,"href":"https:\/\/web.massivoequiposvideoytv.com\/index.php?rest_route=%2Fwp%2Fv2%2Fproduct_cat&post=306"},{"taxonomy":"product_tag","embeddable":true,"href":"https:\/\/web.massivoequiposvideoytv.com\/index.php?rest_route=%2Fwp%2Fv2%2Fproduct_tag&post=306"}],"curies":[{"name":"wp","href":"https:\/\/api.w.org\/{rel}","templated":true}]}}