{"id":320,"date":"2026-03-31T04:05:36","date_gmt":"2026-03-31T07:05:36","guid":{"rendered":"https:\/\/web.massivoequiposvideoytv.com\/?post_type=product&#038;p=320"},"modified":"2026-04-08T14:14:00","modified_gmt":"2026-04-08T17:14:00","slug":"ulanzi-cu01-refrigerador-termostatico-para-camara","status":"publish","type":"product","link":"https:\/\/web.massivoequiposvideoytv.com\/?product=ulanzi-cu01-refrigerador-termostatico-para-camara","title":{"rendered":"Ulanzi CU01 refrigerador termost\u00e1tico para c\u00e1mara"},"content":{"rendered":"<p>Refrigerador termost\u00e1tico de semiconductor Ulanzi CU01 para c\u00e1maras, ventilador de refrigeraci\u00f3n, radiador, kit de grabaci\u00f3n 4K, disipador de calor para Sony, Canon, Nikon, Fujifilm y Lumix<\/p>\n<p>Chip semiconductor + 5000 RPM | Carga durante el uso | Dise\u00f1o con resorte | Control inteligente de temperatura de 8 \u00b0C | 3 modos de funcionamiento | Monitorizaci\u00f3n en tiempo real<\/p>\n","protected":false},"excerpt":{"rendered":"<p><strong>VALOR INCLUYE ENV\u00cdO en <\/strong><strong>MONEDA<\/strong>: D\u00f3lar EE.UU.<\/p>\n<p><strong>DESPACHO<\/strong>: de 10 a 15 d\u00edas h\u00e1biles.<\/p>\n<p>Ulanzi CU01 refrigerador termost\u00e1tico para c\u00e1mara Semiconductor ventilador de refrigeraci\u00f3n para c\u00e1mara radiador 4K Kit de grabaci\u00f3n disipador de calor para Sony Canon Nikon<\/p>\n","protected":false},"featured_media":321,"comment_status":"open","ping_status":"closed","template":"","meta":[],"product_brand":[91],"product_cat":[83],"product_tag":[],"class_list":{"0":"post-320","1":"product","2":"type-product","3":"status-publish","6":"product_brand-ulanzi","7":"product_cat-accesorioscamaras","8":"product_shipping_class-envio-internacional","10":"first","11":"instock","12":"shipping-taxable","13":"purchasable","14":"product-type-simple"},"_links":{"self":[{"href":"https:\/\/web.massivoequiposvideoytv.com\/index.php?rest_route=\/wp\/v2\/product\/320","targetHints":{"allow":["GET"]}}],"collection":[{"href":"https:\/\/web.massivoequiposvideoytv.com\/index.php?rest_route=\/wp\/v2\/product"}],"about":[{"href":"https:\/\/web.massivoequiposvideoytv.com\/index.php?rest_route=\/wp\/v2\/types\/product"}],"replies":[{"embeddable":true,"href":"https:\/\/web.massivoequiposvideoytv.com\/index.php?rest_route=%2Fwp%2Fv2%2Fcomments&post=320"}],"wp:featuredmedia":[{"embeddable":true,"href":"https:\/\/web.massivoequiposvideoytv.com\/index.php?rest_route=\/wp\/v2\/media\/321"}],"wp:attachment":[{"href":"https:\/\/web.massivoequiposvideoytv.com\/index.php?rest_route=%2Fwp%2Fv2%2Fmedia&parent=320"}],"wp:term":[{"taxonomy":"product_brand","embeddable":true,"href":"https:\/\/web.massivoequiposvideoytv.com\/index.php?rest_route=%2Fwp%2Fv2%2Fproduct_brand&post=320"},{"taxonomy":"product_cat","embeddable":true,"href":"https:\/\/web.massivoequiposvideoytv.com\/index.php?rest_route=%2Fwp%2Fv2%2Fproduct_cat&post=320"},{"taxonomy":"product_tag","embeddable":true,"href":"https:\/\/web.massivoequiposvideoytv.com\/index.php?rest_route=%2Fwp%2Fv2%2Fproduct_tag&post=320"}],"curies":[{"name":"wp","href":"https:\/\/api.w.org\/{rel}","templated":true}]}}