{"id":339,"date":"2026-03-31T06:12:04","date_gmt":"2026-03-31T09:12:04","guid":{"rendered":"https:\/\/web.massivoequiposvideoytv.com\/?post_type=product&#038;p=339"},"modified":"2026-04-08T14:01:16","modified_gmt":"2026-04-08T17:01:16","slug":"feiyutech-scorp-mini-2-gimbal","status":"publish","type":"product","link":"https:\/\/web.massivoequiposvideoytv.com\/?product=feiyutech-scorp-mini-2-gimbal","title":{"rendered":"FeiyuTech SCORP Mini 2 Gimbal"},"content":{"rendered":"","protected":false},"excerpt":{"rendered":"<p><strong>DESPACHO<\/strong>: de 10 a 15 d\u00edas h\u00e1biles.<\/p>\n<p>FeiyuTech SCORP Mini 2 Gimbal de Mano de 3 Ejes para C\u00e1mara sin Espejo, C\u00e1mara de Acci\u00f3n y Smartphone con Seguimiento AI y Luz de Relleno Magn\u00e9tica, Carga de 1,2 kg<\/p>\n","protected":false},"featured_media":340,"comment_status":"open","ping_status":"closed","template":"","meta":[],"product_brand":[99],"product_cat":[83],"product_tag":[],"class_list":{"0":"post-339","1":"product","2":"type-product","3":"status-publish","6":"product_brand-feiyutech","7":"product_cat-accesorioscamaras","8":"product_shipping_class-envio-internacional","10":"first","11":"instock","12":"shipping-taxable","13":"purchasable","14":"product-type-simple"},"_links":{"self":[{"href":"https:\/\/web.massivoequiposvideoytv.com\/index.php?rest_route=\/wp\/v2\/product\/339","targetHints":{"allow":["GET"]}}],"collection":[{"href":"https:\/\/web.massivoequiposvideoytv.com\/index.php?rest_route=\/wp\/v2\/product"}],"about":[{"href":"https:\/\/web.massivoequiposvideoytv.com\/index.php?rest_route=\/wp\/v2\/types\/product"}],"replies":[{"embeddable":true,"href":"https:\/\/web.massivoequiposvideoytv.com\/index.php?rest_route=%2Fwp%2Fv2%2Fcomments&post=339"}],"wp:featuredmedia":[{"embeddable":true,"href":"https:\/\/web.massivoequiposvideoytv.com\/index.php?rest_route=\/wp\/v2\/media\/340"}],"wp:attachment":[{"href":"https:\/\/web.massivoequiposvideoytv.com\/index.php?rest_route=%2Fwp%2Fv2%2Fmedia&parent=339"}],"wp:term":[{"taxonomy":"product_brand","embeddable":true,"href":"https:\/\/web.massivoequiposvideoytv.com\/index.php?rest_route=%2Fwp%2Fv2%2Fproduct_brand&post=339"},{"taxonomy":"product_cat","embeddable":true,"href":"https:\/\/web.massivoequiposvideoytv.com\/index.php?rest_route=%2Fwp%2Fv2%2Fproduct_cat&post=339"},{"taxonomy":"product_tag","embeddable":true,"href":"https:\/\/web.massivoequiposvideoytv.com\/index.php?rest_route=%2Fwp%2Fv2%2Fproduct_tag&post=339"}],"curies":[{"name":"wp","href":"https:\/\/api.w.org\/{rel}","templated":true}]}}