{"id":390,"date":"2026-04-09T15:02:52","date_gmt":"2026-04-09T18:02:52","guid":{"rendered":"https:\/\/web.massivoequiposvideoytv.com\/?post_type=product&#038;p=390"},"modified":"2026-04-13T12:55:11","modified_gmt":"2026-04-13T15:55:11","slug":"nscaster-x2s","status":"publish","type":"product","link":"https:\/\/web.massivoequiposvideoytv.com\/?product=nscaster-x2s","title":{"rendered":"NSCaster X2S"},"content":{"rendered":"<p>La NSCaster X2s es una tableta integrada de producci\u00f3n en vivo de 12 canales que admite producci\u00f3n, transmisi\u00f3n y grabaci\u00f3n de programas en Full HD. El dispositivo cuenta con una pantalla t\u00e1ctil FHD integrada de 13,3 pulgadas y admite entrada de se\u00f1al 1080p60 con interfaz f\u00edsica SDIx4+HDMIx2. Admite la carga y el acceso a numerosos formatos de transmisi\u00f3n de se\u00f1ales convencionales, as\u00ed como el acceso interactivo a dispositivos como Live+protocol, el codificador y decodificador LipEncoder HQ y la aplicaci\u00f3n VJmobileCast. La NSCaster X2s est\u00e1 equipada con numerosas funciones de producci\u00f3n y empaquetado de programas, una amplia biblioteca de materiales y admite edici\u00f3n secundaria, lo que a\u00f1ade profesionalismo y dinamismo a tus programas.<\/p>\n<p><iframe loading=\"lazy\" title=\"NSCaster X2S - El Estudio de TV en un Solo Equipo, Control Total de Producci\u00f3n en Vivo que Impacta\" width=\"640\" height=\"360\" src=\"https:\/\/www.youtube.com\/embed\/w85g-jeNho4?feature=oembed\" frameborder=\"0\" allow=\"accelerometer; autoplay; clipboard-write; encrypted-media; gyroscope; picture-in-picture; web-share\" referrerpolicy=\"strict-origin-when-cross-origin\" allowfullscreen><\/iframe><\/p>\n","protected":false},"excerpt":{"rendered":"<p><strong>VALOR INCLUYE ENV\u00cdO en\u00a0<\/strong><strong>MONEDA<\/strong>: D\u00f3lar EE.UU.<\/p>\n<p><strong>DESPACHO<\/strong>: de 10 a 15 d\u00edas h\u00e1biles.<\/p>\n<p>Una tableta integrada de producci\u00f3n en vivo de 12 canales que admite producci\u00f3n, transmisi\u00f3n y grabaci\u00f3n de programas en Full HD<\/p>\n","protected":false},"featured_media":391,"comment_status":"open","ping_status":"closed","template":"","meta":[],"product_brand":[104],"product_cat":[17],"product_tag":[],"class_list":{"0":"post-390","1":"product","2":"type-product","3":"status-publish","6":"product_brand-nscaster","7":"product_cat-switchtv","8":"product_shipping_class-envio-internacional","10":"first","11":"instock","12":"shipping-taxable","13":"purchasable","14":"product-type-simple"},"_links":{"self":[{"href":"https:\/\/web.massivoequiposvideoytv.com\/index.php?rest_route=\/wp\/v2\/product\/390","targetHints":{"allow":["GET"]}}],"collection":[{"href":"https:\/\/web.massivoequiposvideoytv.com\/index.php?rest_route=\/wp\/v2\/product"}],"about":[{"href":"https:\/\/web.massivoequiposvideoytv.com\/index.php?rest_route=\/wp\/v2\/types\/product"}],"replies":[{"embeddable":true,"href":"https:\/\/web.massivoequiposvideoytv.com\/index.php?rest_route=%2Fwp%2Fv2%2Fcomments&post=390"}],"wp:featuredmedia":[{"embeddable":true,"href":"https:\/\/web.massivoequiposvideoytv.com\/index.php?rest_route=\/wp\/v2\/media\/391"}],"wp:attachment":[{"href":"https:\/\/web.massivoequiposvideoytv.com\/index.php?rest_route=%2Fwp%2Fv2%2Fmedia&parent=390"}],"wp:term":[{"taxonomy":"product_brand","embeddable":true,"href":"https:\/\/web.massivoequiposvideoytv.com\/index.php?rest_route=%2Fwp%2Fv2%2Fproduct_brand&post=390"},{"taxonomy":"product_cat","embeddable":true,"href":"https:\/\/web.massivoequiposvideoytv.com\/index.php?rest_route=%2Fwp%2Fv2%2Fproduct_cat&post=390"},{"taxonomy":"product_tag","embeddable":true,"href":"https:\/\/web.massivoequiposvideoytv.com\/index.php?rest_route=%2Fwp%2Fv2%2Fproduct_tag&post=390"}],"curies":[{"name":"wp","href":"https:\/\/api.w.org\/{rel}","templated":true}]}}