{"id":80,"date":"2025-07-27T09:39:05","date_gmt":"2025-07-27T09:39:05","guid":{"rendered":"https:\/\/web.massivoequiposvideoytv.com\/?post_type=product&#038;p=80"},"modified":"2025-07-27T09:39:34","modified_gmt":"2025-07-27T09:39:34","slug":"nscaster-x2","status":"publish","type":"product","link":"https:\/\/web.massivoequiposvideoytv.com\/?product=nscaster-x2","title":{"rendered":"NSCaster X2"},"content":{"rendered":"<p>NSCaster X2 es una tableta integrada para producci\u00f3n en vivo de 8 canales, equipada con una pantalla t\u00e1ctil Full HD de 13,3 pulgadas y compatible con hasta 4 canales de entrada 4kp30 o 2 canales 4kp60. Admite tres combinaciones de entrada: SDI \u00d7 4, HDMI \u00d7 4, SDI x 2 + HDMI x 2. Admite la entrada y el acceso a diversas se\u00f1ales de formato est\u00e1ndar, as\u00ed como el acceso interactivo a transmisiones en vivo, tel\u00e9fonos m\u00f3viles y otros dispositivos.<\/p>\n","protected":false},"excerpt":{"rendered":"<p>Equipado con pantalla t\u00e1ctil Full HD de 13,3 pulgadas. Compatible con E\/S 4K, Ethernet, Wi-Fi y 5G.<\/p>\n","protected":false},"featured_media":81,"comment_status":"open","ping_status":"closed","template":"","meta":[],"product_brand":[],"product_cat":[17],"product_tag":[26,23],"class_list":{"0":"post-80","1":"product","2":"type-product","3":"status-publish","6":"product_cat-switchtv","7":"product_tag-nscaster-x2","8":"product_tag-switch-de-video","10":"first","11":"instock","12":"shipping-taxable","13":"purchasable","14":"product-type-simple"},"_links":{"self":[{"href":"https:\/\/web.massivoequiposvideoytv.com\/index.php?rest_route=\/wp\/v2\/product\/80","targetHints":{"allow":["GET"]}}],"collection":[{"href":"https:\/\/web.massivoequiposvideoytv.com\/index.php?rest_route=\/wp\/v2\/product"}],"about":[{"href":"https:\/\/web.massivoequiposvideoytv.com\/index.php?rest_route=\/wp\/v2\/types\/product"}],"replies":[{"embeddable":true,"href":"https:\/\/web.massivoequiposvideoytv.com\/index.php?rest_route=%2Fwp%2Fv2%2Fcomments&post=80"}],"wp:featuredmedia":[{"embeddable":true,"href":"https:\/\/web.massivoequiposvideoytv.com\/index.php?rest_route=\/wp\/v2\/media\/81"}],"wp:attachment":[{"href":"https:\/\/web.massivoequiposvideoytv.com\/index.php?rest_route=%2Fwp%2Fv2%2Fmedia&parent=80"}],"wp:term":[{"taxonomy":"product_brand","embeddable":true,"href":"https:\/\/web.massivoequiposvideoytv.com\/index.php?rest_route=%2Fwp%2Fv2%2Fproduct_brand&post=80"},{"taxonomy":"product_cat","embeddable":true,"href":"https:\/\/web.massivoequiposvideoytv.com\/index.php?rest_route=%2Fwp%2Fv2%2Fproduct_cat&post=80"},{"taxonomy":"product_tag","embeddable":true,"href":"https:\/\/web.massivoequiposvideoytv.com\/index.php?rest_route=%2Fwp%2Fv2%2Fproduct_tag&post=80"}],"curies":[{"name":"wp","href":"https:\/\/api.w.org\/{rel}","templated":true}]}}