{"id":86,"date":"2025-07-27T09:48:43","date_gmt":"2025-07-27T09:48:43","guid":{"rendered":"https:\/\/web.massivoequiposvideoytv.com\/?post_type=product&#038;p=86"},"modified":"2025-07-27T09:48:43","modified_gmt":"2025-07-27T09:48:43","slug":"vjdirector-2-ultimate","status":"publish","type":"product","link":"https:\/\/web.massivoequiposvideoytv.com\/?product=vjdirector-2-ultimate","title":{"rendered":"VJDirector 2 Ultimate"},"content":{"rendered":"<p>VJDirector 2 (software de producci\u00f3n en vivo) es una estaci\u00f3n de trabajo de software basada en Windows para edici\u00f3n, grabaci\u00f3n y transmisi\u00f3n multimedia con soporte HD. Incluye unidad de conmutaci\u00f3n de efectos especiales 3D, editor de gr\u00e1ficos por computadora, captura VGA, captura de c\u00e1mara, captura de video, captura de webcam, captura de movimiento, c\u00e1mara virtual, subt\u00edtulos, croma, grabadoras de video, sistema de transmisi\u00f3n en red y sistema de edici\u00f3n lineal.<\/p>\n","protected":false},"excerpt":{"rendered":"<p>VJDirector is a Windows-based software workstation for multimedia editing, recording and broadcasting. It supports HD.<\/p>\n","protected":false},"featured_media":87,"comment_status":"open","ping_status":"closed","template":"","meta":[],"product_brand":[],"product_cat":[27,17],"product_tag":[],"class_list":{"0":"post-86","1":"product","2":"type-product","3":"status-publish","6":"product_cat-software-de-produccion","7":"product_cat-switchtv","9":"first","10":"instock","11":"virtual","12":"purchasable","13":"product-type-simple"},"_links":{"self":[{"href":"https:\/\/web.massivoequiposvideoytv.com\/index.php?rest_route=\/wp\/v2\/product\/86","targetHints":{"allow":["GET"]}}],"collection":[{"href":"https:\/\/web.massivoequiposvideoytv.com\/index.php?rest_route=\/wp\/v2\/product"}],"about":[{"href":"https:\/\/web.massivoequiposvideoytv.com\/index.php?rest_route=\/wp\/v2\/types\/product"}],"replies":[{"embeddable":true,"href":"https:\/\/web.massivoequiposvideoytv.com\/index.php?rest_route=%2Fwp%2Fv2%2Fcomments&post=86"}],"wp:featuredmedia":[{"embeddable":true,"href":"https:\/\/web.massivoequiposvideoytv.com\/index.php?rest_route=\/wp\/v2\/media\/87"}],"wp:attachment":[{"href":"https:\/\/web.massivoequiposvideoytv.com\/index.php?rest_route=%2Fwp%2Fv2%2Fmedia&parent=86"}],"wp:term":[{"taxonomy":"product_brand","embeddable":true,"href":"https:\/\/web.massivoequiposvideoytv.com\/index.php?rest_route=%2Fwp%2Fv2%2Fproduct_brand&post=86"},{"taxonomy":"product_cat","embeddable":true,"href":"https:\/\/web.massivoequiposvideoytv.com\/index.php?rest_route=%2Fwp%2Fv2%2Fproduct_cat&post=86"},{"taxonomy":"product_tag","embeddable":true,"href":"https:\/\/web.massivoequiposvideoytv.com\/index.php?rest_route=%2Fwp%2Fv2%2Fproduct_tag&post=86"}],"curies":[{"name":"wp","href":"https:\/\/api.w.org\/{rel}","templated":true}]}}