{"id":88,"date":"2025-07-27T09:50:52","date_gmt":"2025-07-27T09:50:52","guid":{"rendered":"https:\/\/web.massivoequiposvideoytv.com\/?post_type=product&#038;p=88"},"modified":"2025-07-27T09:50:52","modified_gmt":"2025-07-27T09:50:52","slug":"nscaster-software","status":"publish","type":"product","link":"https:\/\/web.massivoequiposvideoytv.com\/?product=nscaster-software","title":{"rendered":"NSCaster (software)"},"content":{"rendered":"<p>NSCaster es un potente software de transmisi\u00f3n en vivo que presenta muchas funciones potentes, incluyendo c\u00e1mara remota, escena virtual 3D sin pistas, clave de croma de GPU en tiempo real, subt\u00edtulos CG y publicaci\u00f3n remota de CG, mezclador de audio, vista m\u00faltiple, control de c\u00e1mara PTZ, conexi\u00f3n remota, etc.<\/p>\n","protected":false},"excerpt":{"rendered":"<p>NSCaster es un sistema de producci\u00f3n multic\u00e1mara de \u00e9lite que satisface todas sus necesidades de producci\u00f3n en vivo. Ofrecemos licencias de software y soluciones para dispositivos port\u00e1tiles.<\/p>\n","protected":false},"featured_media":89,"comment_status":"open","ping_status":"closed","template":"","meta":[],"product_brand":[],"product_cat":[27,17],"product_tag":[],"class_list":{"0":"post-88","1":"product","2":"type-product","3":"status-publish","6":"product_cat-software-de-produccion","7":"product_cat-switchtv","9":"first","10":"instock","11":"virtual","12":"purchasable","13":"product-type-simple"},"_links":{"self":[{"href":"https:\/\/web.massivoequiposvideoytv.com\/index.php?rest_route=\/wp\/v2\/product\/88","targetHints":{"allow":["GET"]}}],"collection":[{"href":"https:\/\/web.massivoequiposvideoytv.com\/index.php?rest_route=\/wp\/v2\/product"}],"about":[{"href":"https:\/\/web.massivoequiposvideoytv.com\/index.php?rest_route=\/wp\/v2\/types\/product"}],"replies":[{"embeddable":true,"href":"https:\/\/web.massivoequiposvideoytv.com\/index.php?rest_route=%2Fwp%2Fv2%2Fcomments&post=88"}],"wp:featuredmedia":[{"embeddable":true,"href":"https:\/\/web.massivoequiposvideoytv.com\/index.php?rest_route=\/wp\/v2\/media\/89"}],"wp:attachment":[{"href":"https:\/\/web.massivoequiposvideoytv.com\/index.php?rest_route=%2Fwp%2Fv2%2Fmedia&parent=88"}],"wp:term":[{"taxonomy":"product_brand","embeddable":true,"href":"https:\/\/web.massivoequiposvideoytv.com\/index.php?rest_route=%2Fwp%2Fv2%2Fproduct_brand&post=88"},{"taxonomy":"product_cat","embeddable":true,"href":"https:\/\/web.massivoequiposvideoytv.com\/index.php?rest_route=%2Fwp%2Fv2%2Fproduct_cat&post=88"},{"taxonomy":"product_tag","embeddable":true,"href":"https:\/\/web.massivoequiposvideoytv.com\/index.php?rest_route=%2Fwp%2Fv2%2Fproduct_tag&post=88"}],"curies":[{"name":"wp","href":"https:\/\/api.w.org\/{rel}","templated":true}]}}