{"id":95,"date":"2025-07-27T10:06:34","date_gmt":"2025-07-27T10:06:34","guid":{"rendered":"https:\/\/web.massivoequiposvideoytv.com\/?post_type=product&#038;p=95"},"modified":"2025-10-25T17:25:53","modified_gmt":"2025-10-25T20:25:53","slug":"camara-ptz-4k-ultra-12x","status":"publish","type":"product","link":"https:\/\/web.massivoequiposvideoytv.com\/?product=camara-ptz-4k-ultra-12x","title":{"rendered":"C\u00e1mara PTZ 4K Ultra 12x"},"content":{"rendered":"<p>NSCaster X2 es una tablet integrada de producci\u00f3n en vivo de 8 canales, equipada con pantalla t\u00e1ctil Full HD de 13,3 pulgadas y compatible con hasta 4 canales<br \/>\nEntrada 4k p30 o 4k p60 de 2 canales. Tres versiones de combinaciones de entrada: SDI \u00d7 4, HDMI \u00d7 4, SDI x 2 + HDMI x 2. Admite la entrada de<br \/>\nmultiples se\u00f1ales de formato convencional y acceso interactivo de tel\u00e9fonos m\u00f3viles + en vivo y otros dispositivos.<\/p>\n","protected":false},"excerpt":{"rendered":"<p>NSCaster X2 es una tablet integrada de producci\u00f3n en vivo de 8 canales, equipada con pantalla t\u00e1ctil Full HD de 13,3 pulgadas y compatible con hasta 4 canales.<\/p>\n","protected":false},"featured_media":96,"comment_status":"open","ping_status":"closed","template":"","meta":[],"product_brand":[],"product_cat":[16],"product_tag":[],"class_list":{"0":"post-95","1":"product","2":"type-product","3":"status-publish","6":"product_cat-camara","8":"first","9":"instock","10":"shipping-taxable","11":"purchasable","12":"product-type-simple"},"_links":{"self":[{"href":"https:\/\/web.massivoequiposvideoytv.com\/index.php?rest_route=\/wp\/v2\/product\/95","targetHints":{"allow":["GET"]}}],"collection":[{"href":"https:\/\/web.massivoequiposvideoytv.com\/index.php?rest_route=\/wp\/v2\/product"}],"about":[{"href":"https:\/\/web.massivoequiposvideoytv.com\/index.php?rest_route=\/wp\/v2\/types\/product"}],"replies":[{"embeddable":true,"href":"https:\/\/web.massivoequiposvideoytv.com\/index.php?rest_route=%2Fwp%2Fv2%2Fcomments&post=95"}],"wp:featuredmedia":[{"embeddable":true,"href":"https:\/\/web.massivoequiposvideoytv.com\/index.php?rest_route=\/wp\/v2\/media\/96"}],"wp:attachment":[{"href":"https:\/\/web.massivoequiposvideoytv.com\/index.php?rest_route=%2Fwp%2Fv2%2Fmedia&parent=95"}],"wp:term":[{"taxonomy":"product_brand","embeddable":true,"href":"https:\/\/web.massivoequiposvideoytv.com\/index.php?rest_route=%2Fwp%2Fv2%2Fproduct_brand&post=95"},{"taxonomy":"product_cat","embeddable":true,"href":"https:\/\/web.massivoequiposvideoytv.com\/index.php?rest_route=%2Fwp%2Fv2%2Fproduct_cat&post=95"},{"taxonomy":"product_tag","embeddable":true,"href":"https:\/\/web.massivoequiposvideoytv.com\/index.php?rest_route=%2Fwp%2Fv2%2Fproduct_tag&post=95"}],"curies":[{"name":"wp","href":"https:\/\/api.w.org\/{rel}","templated":true}]}}