{"id":99,"date":"2025-07-27T10:12:33","date_gmt":"2025-07-27T10:12:33","guid":{"rendered":"https:\/\/web.massivoequiposvideoytv.com\/?post_type=product&#038;p=99"},"modified":"2025-10-25T17:25:53","modified_gmt":"2025-10-25T20:25:53","slug":"camara-ptz-4k-ultra-30x","status":"publish","type":"product","link":"https:\/\/web.massivoequiposvideoytv.com\/?product=camara-ptz-4k-ultra-30x","title":{"rendered":"C\u00e1mara PTZ 4K Ultra 30x"},"content":{"rendered":"<div>\n<p class=\"text-muted mt-3\">Sensor SONY 1\/1.8\u201d Exmor CMOS<br \/>\nde 8.3 Megapixels high quality, Resoluci\u00f3n 3840\u00d72160 60fps<br \/>\nZoom Optico 20X\/30X + 12 Digital Zoom<br \/>\nSalida de Video 2160p60\/59.94\u30012160P50\u30012160P30\/29.97\u30012160P\/25\uff1b1080P60\/59.94\u30011080P50\u30011080P30\/29.97\u30011080P25\uff1b1080i60\/59.94\u30011080i50\uff1b720P60\/59.94\u3001720P50<br \/>\nTally Luz indicadora de doble color<br \/>\nHOV 60\u00b0 amplio rango<br \/>\nUSB3.0 \/ Doble 12G-SDI \/ HDMI2.0 \/ Transmisi\u00f3n IP<br \/>\nAdmite salida dual 12G-SDI<br \/>\nSoporte de transmisi\u00f3n\/streaming IP RTSP\/RTMP\/RTMPS\/SRT\/NDI<br \/>\nComunicaci\u00f3n RS485\/ RS232C\/RS422\/IP\/UVC<br \/>\nSoporte m\u00e1ximo 255 preajustes, soporte remoto 9 preajustes<br \/>\nRango de movimiento horizontal \u00b1178\u00b0, inclinaci\u00f3n -30\u00b0~ 90\u00b0<br \/>\nAlimentaci\u00f3n a trav\u00e9s de Ethernet v\u00eda POE+ (IEEE802.3af)<br \/>\nVersiones en color Blanco y negro, opcional<\/p>\n<\/div>\n","protected":false},"excerpt":{"rendered":"<p>Sensor SONY 1\/1.8\u201d Exmor CMOS de 8.3 Megapixels high quality, Resoluci\u00f3n 3840\u00d72160 60fps Zoom Optico 20X\/30X + 12 Digital Zoom Salida de Video 2160p60\/59.94\u30012160P50\u30012160P30\/29.97\u30012160P\/25\uff1b1080P60\/59.94\u30011080P50\u30011080P30\/29.97\u30011080P25\uff1b1080i60\/59.94\u30011080i50\uff1b720P60\/59.94\u3001720P50 Tally Luz indicadora de doble color<\/p>\n","protected":false},"featured_media":100,"comment_status":"open","ping_status":"closed","template":"","meta":[],"product_brand":[],"product_cat":[16],"product_tag":[],"class_list":{"0":"post-99","1":"product","2":"type-product","3":"status-publish","6":"product_cat-camara","8":"first","9":"instock","10":"shipping-taxable","11":"purchasable","12":"product-type-simple"},"_links":{"self":[{"href":"https:\/\/web.massivoequiposvideoytv.com\/index.php?rest_route=\/wp\/v2\/product\/99","targetHints":{"allow":["GET"]}}],"collection":[{"href":"https:\/\/web.massivoequiposvideoytv.com\/index.php?rest_route=\/wp\/v2\/product"}],"about":[{"href":"https:\/\/web.massivoequiposvideoytv.com\/index.php?rest_route=\/wp\/v2\/types\/product"}],"replies":[{"embeddable":true,"href":"https:\/\/web.massivoequiposvideoytv.com\/index.php?rest_route=%2Fwp%2Fv2%2Fcomments&post=99"}],"wp:featuredmedia":[{"embeddable":true,"href":"https:\/\/web.massivoequiposvideoytv.com\/index.php?rest_route=\/wp\/v2\/media\/100"}],"wp:attachment":[{"href":"https:\/\/web.massivoequiposvideoytv.com\/index.php?rest_route=%2Fwp%2Fv2%2Fmedia&parent=99"}],"wp:term":[{"taxonomy":"product_brand","embeddable":true,"href":"https:\/\/web.massivoequiposvideoytv.com\/index.php?rest_route=%2Fwp%2Fv2%2Fproduct_brand&post=99"},{"taxonomy":"product_cat","embeddable":true,"href":"https:\/\/web.massivoequiposvideoytv.com\/index.php?rest_route=%2Fwp%2Fv2%2Fproduct_cat&post=99"},{"taxonomy":"product_tag","embeddable":true,"href":"https:\/\/web.massivoequiposvideoytv.com\/index.php?rest_route=%2Fwp%2Fv2%2Fproduct_tag&post=99"}],"curies":[{"name":"wp","href":"https:\/\/api.w.org\/{rel}","templated":true}]}}